{"id":56,"date":"2017-06-27T22:03:31","date_gmt":"2017-06-27T20:03:31","guid":{"rendered":"http:\/\/wordpress.p415091.webspaceconfig.de\/?page_id=56"},"modified":"2022-03-21T12:30:38","modified_gmt":"2022-03-21T11:30:38","slug":"anfahrt","status":"publish","type":"page","link":"https:\/\/www.rappach.de\/?page_id=56","title":{"rendered":"Anfahrt"},"content":{"rendered":"<p>[et_pb_section bb_built=&#8220;1&#8243; fullwidth=&#8220;on&#8220; specialty=&#8220;off&#8220; next_background_color=&#8220;#000000&#8243; inner_width=&#8220;auto&#8220; inner_max_width=&#8220;1080px&#8220;][et_pb_fullwidth_map _builder_version=&#8220;3.3.1&#8243; address=&#8220;Rappach 12, 63776 M\u00f6mbris, Deutschland&#8220; address_lat=&#8220;50.0665936&#8243; address_lng=&#8220;9.146547300000066&#8243;][et_pb_map_pin title=&#8220;Landgasthof Zur Gem\u00fctlichkeit&#8220; pin_address=&#8220;Rappach 12, 63776 M\u00f6mbris, Deutschland&#8220; pin_address_lat=&#8220;50.06666&#8243; pin_address_lng=&#8220;9.146389999999997&#8243; _builder_version=&#8220;3.3.1&#8243; zoom_level=&#8220;18&#8243; db_start_open=&#8220;off&#8220; \/][\/et_pb_fullwidth_map][\/et_pb_section][et_pb_section bb_built=&#8220;1&#8243; admin_label=&#8220;section&#8220; prev_background_color=&#8220;#000000&#8243; inner_width=&#8220;auto&#8220; inner_max_width=&#8220;1080px&#8220;][et_pb_row admin_label=&#8220;row&#8220; background_position=&#8220;top_left&#8220; background_repeat=&#8220;repeat&#8220; background_size=&#8220;initial&#8220; width=&#8220;80%&#8220; max_width=&#8220;1080px&#8220;][et_pb_column type=&#8220;4_4&#8243; custom_padding__hover=&#8220;|||&#8220; custom_padding=&#8220;|||&#8220;][et_pb_text background_position=&#8220;top_left&#8220; background_repeat=&#8220;repeat&#8220; background_size=&#8220;initial&#8220; _builder_version=&#8220;3.26.7&#8243; text_text_shadow_horizontal_length=&#8220;text_text_shadow_style,%91object Object%93&#8243; text_text_shadow_horizontal_length_tablet=&#8220;0px&#8220; text_text_shadow_vertical_length=&#8220;text_text_shadow_style,%91object Object%93&#8243; text_text_shadow_vertical_length_tablet=&#8220;0px&#8220; text_text_shadow_blur_strength=&#8220;text_text_shadow_style,%91object Object%93&#8243; text_text_shadow_blur_strength_tablet=&#8220;1px&#8220; link_text_shadow_horizontal_length=&#8220;link_text_shadow_style,%91object Object%93&#8243; link_text_shadow_horizontal_length_tablet=&#8220;0px&#8220; link_text_shadow_vertical_length=&#8220;link_text_shadow_style,%91object Object%93&#8243; link_text_shadow_vertical_length_tablet=&#8220;0px&#8220; link_text_shadow_blur_strength=&#8220;link_text_shadow_style,%91object Object%93&#8243; link_text_shadow_blur_strength_tablet=&#8220;1px&#8220; ul_text_shadow_horizontal_length=&#8220;ul_text_shadow_style,%91object Object%93&#8243; ul_text_shadow_horizontal_length_tablet=&#8220;0px&#8220; ul_text_shadow_vertical_length=&#8220;ul_text_shadow_style,%91object Object%93&#8243; ul_text_shadow_vertical_length_tablet=&#8220;0px&#8220; ul_text_shadow_blur_strength=&#8220;ul_text_shadow_style,%91object Object%93&#8243; ul_text_shadow_blur_strength_tablet=&#8220;1px&#8220; ol_text_shadow_horizontal_length=&#8220;ol_text_shadow_style,%91object Object%93&#8243; ol_text_shadow_horizontal_length_tablet=&#8220;0px&#8220; ol_text_shadow_vertical_length=&#8220;ol_text_shadow_style,%91object Object%93&#8243; ol_text_shadow_vertical_length_tablet=&#8220;0px&#8220; ol_text_shadow_blur_strength=&#8220;ol_text_shadow_style,%91object Object%93&#8243; ol_text_shadow_blur_strength_tablet=&#8220;1px&#8220; quote_text_shadow_horizontal_length=&#8220;quote_text_shadow_style,%91object Object%93&#8243; quote_text_shadow_horizontal_length_tablet=&#8220;0px&#8220; quote_text_shadow_vertical_length=&#8220;quote_text_shadow_style,%91object Object%93&#8243; quote_text_shadow_vertical_length_tablet=&#8220;0px&#8220; quote_text_shadow_blur_strength=&#8220;quote_text_shadow_style,%91object Object%93&#8243; quote_text_shadow_blur_strength_tablet=&#8220;1px&#8220; header_text_shadow_horizontal_length=&#8220;header_text_shadow_style,%91object Object%93&#8243; header_text_shadow_horizontal_length_tablet=&#8220;0px&#8220; header_text_shadow_vertical_length=&#8220;header_text_shadow_style,%91object Object%93&#8243; header_text_shadow_vertical_length_tablet=&#8220;0px&#8220; header_text_shadow_blur_strength=&#8220;header_text_shadow_style,%91object Object%93&#8243; header_text_shadow_blur_strength_tablet=&#8220;1px&#8220; header_2_text_shadow_horizontal_length=&#8220;header_2_text_shadow_style,%91object Object%93&#8243; header_2_text_shadow_horizontal_length_tablet=&#8220;0px&#8220; header_2_text_shadow_vertical_length=&#8220;header_2_text_shadow_style,%91object Object%93&#8243; header_2_text_shadow_vertical_length_tablet=&#8220;0px&#8220; header_2_text_shadow_blur_strength=&#8220;header_2_text_shadow_style,%91object Object%93&#8243; header_2_text_shadow_blur_strength_tablet=&#8220;1px&#8220; header_3_text_shadow_horizontal_length=&#8220;header_3_text_shadow_style,%91object Object%93&#8243; header_3_text_shadow_horizontal_length_tablet=&#8220;0px&#8220; header_3_text_shadow_vertical_length=&#8220;header_3_text_shadow_style,%91object Object%93&#8243; header_3_text_shadow_vertical_length_tablet=&#8220;0px&#8220; header_3_text_shadow_blur_strength=&#8220;header_3_text_shadow_style,%91object Object%93&#8243; header_3_text_shadow_blur_strength_tablet=&#8220;1px&#8220; header_4_text_shadow_horizontal_length=&#8220;header_4_text_shadow_style,%91object Object%93&#8243; header_4_text_shadow_horizontal_length_tablet=&#8220;0px&#8220; header_4_text_shadow_vertical_length=&#8220;header_4_text_shadow_style,%91object Object%93&#8243; header_4_text_shadow_vertical_length_tablet=&#8220;0px&#8220; header_4_text_shadow_blur_strength=&#8220;header_4_text_shadow_style,%91object Object%93&#8243; header_4_text_shadow_blur_strength_tablet=&#8220;1px&#8220; header_5_text_shadow_horizontal_length=&#8220;header_5_text_shadow_style,%91object Object%93&#8243; header_5_text_shadow_horizontal_length_tablet=&#8220;0px&#8220; header_5_text_shadow_vertical_length=&#8220;header_5_text_shadow_style,%91object Object%93&#8243; header_5_text_shadow_vertical_length_tablet=&#8220;0px&#8220; header_5_text_shadow_blur_strength=&#8220;header_5_text_shadow_style,%91object Object%93&#8243; header_5_text_shadow_blur_strength_tablet=&#8220;1px&#8220; header_6_text_shadow_horizontal_length=&#8220;header_6_text_shadow_style,%91object Object%93&#8243; header_6_text_shadow_horizontal_length_tablet=&#8220;0px&#8220; header_6_text_shadow_vertical_length=&#8220;header_6_text_shadow_style,%91object Object%93&#8243; header_6_text_shadow_vertical_length_tablet=&#8220;0px&#8220; header_6_text_shadow_blur_strength=&#8220;header_6_text_shadow_style,%91object Object%93&#8243; header_6_text_shadow_blur_strength_tablet=&#8220;1px&#8220; box_shadow_horizontal_tablet=&#8220;0px&#8220; box_shadow_vertical_tablet=&#8220;0px&#8220; box_shadow_blur_tablet=&#8220;40px&#8220; box_shadow_spread_tablet=&#8220;0px&#8220; z_index_tablet=&#8220;500&#8243;]<\/p>\n<h2>Anfahrt zu Uns<\/h2>\n<p>ACHTUNG!!!<br \/>Im Moment ist die Ortsdurchfahrt Johannesberg und damit der direkte Weg von Aschaffenburg zu uns gesperrt. Bitte fahren Sie auf der A3 bis zur Ausfahrt H\u00f6sbach und dann \u00fcber Schimborn nach M\u00f6mbris!!!<\/p>\n<h3>So erreichen Sie uns.<\/h3>\n<p>Sie finden uns im M\u00f6mbriser Ortsteil Rappach. Aus Richtung A45\/Alzenau kommend fahren Sie Richtung Markt M\u00f6mbris. Kurz vor der Ortseinfahrt fahren Sie bitte rechts ab in Richtung Rappach. Nach ca 300m biegen Sie links in die Stra\u00dfe Fronhofen ein. Sie fahren an der Schule vorbei und biegen danach rechts in die Stra\u00dfe Rappacher Weg ein und folgen der Beschilderung &#8222;Zur Gem\u00fctlichkeit&#8220;.<\/p>\n<p><strong>Alternative Koordinaten f\u00fcr Navigationssysteme:<\/strong><\/p>\n<p>L: 50.0674521<br \/>B:\u00a0 9.1493641<\/p>\n<p>[\/et_pb_text][\/et_pb_column][\/et_pb_row][\/et_pb_section]<\/p>\n","protected":false},"excerpt":{"rendered":"<p>Anfahrt zu UnsACHTUNG!!!Im Moment ist die Ortsdurchfahrt Johannesberg und damit der direkte Weg von Aschaffenburg zu uns gesperrt. Bitte fahren Sie auf der A3 bis zur Ausfahrt H\u00f6sbach und dann \u00fcber Schimborn nach M\u00f6mbris!!!So erreichen Sie uns.Sie finden uns im M\u00f6mbriser Ortsteil Rappach. Aus Richtung A45\/Alzenau kommend fahren Sie Richtung Markt M\u00f6mbris. Kurz vor der [&hellip;]<\/p>\n","protected":false},"author":1,"featured_media":0,"parent":52,"menu_order":0,"comment_status":"closed","ping_status":"closed","template":"","meta":{"_et_pb_use_builder":"on","_et_pb_old_content":"<h2>Anfahrt zu Uns<\/h2><p>\u00a0ACHTUNG!!!<br \/>Bis 2017 ist die Ortsdurchfahrt Schimborn und damit der direkte Weg von der A3 zu uns gesperrt. Bitte fahren Sie auf der A3 bis zur Ausfahrt Aschaffenburg Ost und dann \u00fcber Johannesberg nach M\u00f6mbris!!!\u00a0<\/p><h3>So erreichen Sie uns.<\/h3><p>Sie finden uns im M\u00f6mbriser Ortsteil Rappach. Aus Richtung A45\/Alzenau kommend fahren Sie Richtung Markt M\u00f6mbris. Kurz vor der Ortseinfahrt fahren Sie bitte rechts ab in Richtung Rappach. Nach ca 300m biegen Sie links in die Stra\u00dfe Fronhofen ein. Sie fahren an der Schule vorbei und biegen danach rechts in die Stra\u00dfe Rappacher Weg ein und folgen der Beschilderung \"Zur Gem\u00fctlichkeit\".<\/p><p><strong>Alternative Koordinaten f\u00fcr Navigationssysteme:<\/strong><\/p><p>L: 50.0674521<br \/> B:\u00a0 9.1493641<\/p>","_et_gb_content_width":"","footnotes":""},"class_list":["post-56","page","type-page","status-publish","hentry"],"_links":{"self":[{"href":"https:\/\/www.rappach.de\/index.php?rest_route=\/wp\/v2\/pages\/56","targetHints":{"allow":["GET"]}}],"collection":[{"href":"https:\/\/www.rappach.de\/index.php?rest_route=\/wp\/v2\/pages"}],"about":[{"href":"https:\/\/www.rappach.de\/index.php?rest_route=\/wp\/v2\/types\/page"}],"author":[{"embeddable":true,"href":"https:\/\/www.rappach.de\/index.php?rest_route=\/wp\/v2\/users\/1"}],"replies":[{"embeddable":true,"href":"https:\/\/www.rappach.de\/index.php?rest_route=%2Fwp%2Fv2%2Fcomments&post=56"}],"version-history":[{"count":9,"href":"https:\/\/www.rappach.de\/index.php?rest_route=\/wp\/v2\/pages\/56\/revisions"}],"predecessor-version":[{"id":1104,"href":"https:\/\/www.rappach.de\/index.php?rest_route=\/wp\/v2\/pages\/56\/revisions\/1104"}],"up":[{"embeddable":true,"href":"https:\/\/www.rappach.de\/index.php?rest_route=\/wp\/v2\/pages\/52"}],"wp:attachment":[{"href":"https:\/\/www.rappach.de\/index.php?rest_route=%2Fwp%2Fv2%2Fmedia&parent=56"}],"curies":[{"name":"wp","href":"https:\/\/api.w.org\/{rel}","templated":true}]}}