{"id":50,"date":"2017-06-27T22:02:03","date_gmt":"2017-06-27T20:02:03","guid":{"rendered":"http:\/\/wordpress.p415091.webspaceconfig.de\/?page_id=50"},"modified":"2026-03-21T17:15:05","modified_gmt":"2026-03-21T16:15:05","slug":"veranstaltungen","status":"publish","type":"page","link":"https:\/\/www.rappach.de\/?page_id=50","title":{"rendered":"Kulinarischer Kalender\/ Aktuelles"},"content":{"rendered":"<p>[et_pb_section fb_built=&#8220;1&#8243; admin_label=&#8220;section&#8220; _builder_version=&#8220;4.16&#8243; global_colors_info=&#8220;{}&#8220;][et_pb_row admin_label=&#8220;row&#8220; _builder_version=&#8220;4.21.0&#8243; background_size=&#8220;initial&#8220; background_position=&#8220;top_left&#8220; background_repeat=&#8220;repeat&#8220; global_colors_info=&#8220;{}&#8220;][et_pb_column type=&#8220;4_4&#8243; _builder_version=&#8220;4.16&#8243; custom_padding=&#8220;|||&#8220; global_colors_info=&#8220;{}&#8220; custom_padding__hover=&#8220;|||&#8220;][et_pb_text disabled_on=&#8220;on|on|on&#8220; _builder_version=&#8220;4.21.0&#8243; background_size=&#8220;initial&#8220; background_position=&#8220;top_left&#8220; background_repeat=&#8220;repeat&#8220; border_style=&#8220;solid&#8220; disabled=&#8220;on&#8220; global_colors_info=&#8220;{}&#8220;]<\/p>\n<h1>AKTIONEN<\/h1>\n<h1>Kulinarischer Kalender<\/h1>\n<p><strong>\u00dcbrigens, unser kulinarischer Kalender steht Ihnen auch zum Download bereit. <\/strong><\/p>\n<p><a href=\"http:\/\/rappach.de\/cms\/downloads\/pdf\/1.pdf\" target=\"_blank\" rel=\"noopener noreferrer\">Bitte hier klicken<\/a><br \/><u><strong>WIR SUCHEN ZUR VERST\u00c4RKUNG UNSERES TEAMS:<\/strong><\/u><\/p>\n<p>Sp\u00fclkraft auf 450,&#8211; Euro Basis &#8211; Arbeitszeit ca. 15 Std.\/Monat haupts\u00e4chlich am Wochenende nach Absprache<\/p>\n<p>&nbsp;<\/p>\n<p><u><strong>Unsere n\u00e4chsten Brunchtermine \u00a011.00 Uhr &#8211; 14.00 Uhr :<\/strong><\/u><\/p>\n<p><u><strong>Unser Brunch beinhaltet ein Buffet mit einer reichhaltigen Fr\u00fchst\u00fccksauswahl, anschlie\u00dfendes Mittagessen mit 3 Hauptg\u00e4ngen<\/strong><\/u><u><strong> wobei 1 Hauptgang immer ein Wildgericht ist und ein Dessert<\/strong><\/u><\/p>\n<p>Brunch zum Valentinstag am Sonntag, den 12. Februar 2017<\/p>\n<p>Oster-Brunch am Ostermontag, den 17.April 2017<\/p>\n<p>Pfingst-Brunch am Pfingstmontag, den 05.Juni 2017<\/p>\n<p>18,90 \u20ac pro Person inkl. Filterkaffee, Tee oder Kakao,\u00a0Kinder bis 14 Jahre 1,00 \u20ac pro Lebensjahr<\/p>\n<p>&nbsp;<\/p>\n<p><u>\u00a0<\/u><u><strong>Januar\/ Februar 2017<\/strong><\/u><\/p>\n<p>Schmankerln aus der Alpenregion<\/p>\n<p>z.B. Tafelspitz in Meerrettichso\u00dfe, Tiroler Spinatkn\u00f6del oder Almh\u00fcttenschnitzel<\/p>\n<p><u><strong>M\u00e4rz 2017<\/strong><\/u><\/p>\n<p>Schw\u00e4bische Spezialit\u00e4ten<\/p>\n<p><u><strong>Candle-light-dinner am Samstag, 18.M\u00e4rz 2017 (nur mit Reservierung!)<\/strong><\/u><\/p>\n<p>4-Gang Schlemmermen\u00fc 27,80 Euro pro Person:<\/p>\n<p>Kleiner Flammkuchen mit Feigen und Ziegenk\u00e4se<\/p>\n<p>* * * *<\/p>\n<p>Klare Rinderkraftbr\u00fche mit hausgemachter Hirschmaultasche<\/p>\n<p>* * * *<\/p>\n<p>Hirschsteak oder H\u00e4hnchenbrust mit Kartoffelgratin und Gartengem\u00fcse<\/p>\n<p>* * * *<\/p>\n<p>Kleine Eistorte f\u00fcr zwei<\/p>\n<p><u><strong>April 2017<\/strong><\/u><\/p>\n<p>Frisches aus der Kr\u00e4uterk\u00fcche: B\u00e4rlauch, Rosmarin und Co.<\/p>\n<p><u><strong>Mai\/Juni 2017<\/strong><\/u><\/p>\n<p>Gerichte vom Alzenauer Spargel<\/p>\n<p>Von <u>Mai-August zur Biergartenzeit<\/u> gibt es auch wieder unsere beliebten 1\/2 H\u00e4hnchen vom Gefl\u00fcgelhof L\u00fcck in Sommerkahl<\/p>\n<p>[\/et_pb_text][et_pb_text _builder_version=&#8220;4.27.5&#8243; hover_enabled=&#8220;0&#8243; z_index_tablet=&#8220;500&#8243; text_text_shadow_horizontal_length_tablet=&#8220;0px&#8220; text_text_shadow_vertical_length_tablet=&#8220;0px&#8220; text_text_shadow_blur_strength_tablet=&#8220;1px&#8220; link_text_shadow_horizontal_length_tablet=&#8220;0px&#8220; link_text_shadow_vertical_length_tablet=&#8220;0px&#8220; link_text_shadow_blur_strength_tablet=&#8220;1px&#8220; ul_text_shadow_horizontal_length_tablet=&#8220;0px&#8220; ul_text_shadow_vertical_length_tablet=&#8220;0px&#8220; ul_text_shadow_blur_strength_tablet=&#8220;1px&#8220; ol_text_shadow_horizontal_length_tablet=&#8220;0px&#8220; ol_text_shadow_vertical_length_tablet=&#8220;0px&#8220; ol_text_shadow_blur_strength_tablet=&#8220;1px&#8220; quote_text_shadow_horizontal_length_tablet=&#8220;0px&#8220; quote_text_shadow_vertical_length_tablet=&#8220;0px&#8220; quote_text_shadow_blur_strength_tablet=&#8220;1px&#8220; header_text_shadow_horizontal_length_tablet=&#8220;0px&#8220; header_text_shadow_vertical_length_tablet=&#8220;0px&#8220; header_text_shadow_blur_strength_tablet=&#8220;1px&#8220; header_2_text_shadow_horizontal_length_tablet=&#8220;0px&#8220; header_2_text_shadow_vertical_length_tablet=&#8220;0px&#8220; header_2_text_shadow_blur_strength_tablet=&#8220;1px&#8220; header_3_text_shadow_horizontal_length_tablet=&#8220;0px&#8220; header_3_text_shadow_vertical_length_tablet=&#8220;0px&#8220; header_3_text_shadow_blur_strength_tablet=&#8220;1px&#8220; header_4_text_shadow_horizontal_length_tablet=&#8220;0px&#8220; header_4_text_shadow_vertical_length_tablet=&#8220;0px&#8220; header_4_text_shadow_blur_strength_tablet=&#8220;1px&#8220; header_5_text_shadow_horizontal_length_tablet=&#8220;0px&#8220; header_5_text_shadow_vertical_length_tablet=&#8220;0px&#8220; header_5_text_shadow_blur_strength_tablet=&#8220;1px&#8220; header_6_text_shadow_horizontal_length_tablet=&#8220;0px&#8220; header_6_text_shadow_vertical_length_tablet=&#8220;0px&#8220; header_6_text_shadow_blur_strength_tablet=&#8220;1px&#8220; box_shadow_horizontal_tablet=&#8220;0px&#8220; box_shadow_vertical_tablet=&#8220;0px&#8220; box_shadow_blur_tablet=&#8220;40px&#8220; box_shadow_spread_tablet=&#8220;0px&#8220; global_colors_info=&#8220;{}&#8220; sticky_enabled=&#8220;0&#8243;]<\/p>\n<ul>\n<li>Bitte denken Sie an eine Reservierung, auch um etwaige \u00c4nderungen der \u00d6ffnungszeiten oder Schlie\u00dfungen wegen Feierlichkeiten zu erfahren!<\/li>\n<\/ul>\n<p>&nbsp;<\/p>\n<p><em><strong>Auf Vorbestellung ab 2 Personen (2Tage im voraus):<\/strong><\/em><\/p>\n<ul>\n<li><em>Bunter Salat<\/em><\/li>\n<li><em>Hirschr\u00fccken, rosa gebraten, auf Burgunderso\u00dfe mit schwarzer Walnuss, Kartoffelpl\u00e4tzchen und Saisongem\u00fcse<\/em><\/li>\n<li><em>37,80 Euro pro Person<\/em><\/li>\n<\/ul>\n<p>&nbsp;<\/p>\n<p><strong>Lust auf Wild und keine Lust zu kochen?<\/strong><\/p>\n<p>Sie k\u00f6nnen sich bei uns auf Vorbestellung unseren leckeren fertig gegarten Hirschbraten mit So\u00dfe, Kl\u00f6\u00dfen, Apfelrotkohl und Preiselbeeren vakuumverpackt abholen und dann zu Hause f\u00fcr Ihre G\u00e4ste zubereiten. 22,&#8211; Euro\/Portion<\/p>\n<p>&nbsp;<\/p>\n<p><strong>Unsere \u00d6ffnungszeiten an den Ostertagen:<\/strong><\/p>\n<p><strong>Karfreitag, 03.04.2026<\/strong> geschlossen<\/p>\n<p>Ostersamstag, 04.04.2026 ab 17 Uhr ge\u00f6ffnet<\/p>\n<p><strong>Ostersonntag 05.04.2026 und Ostermontag<\/strong> <strong>06.04.2026<\/strong> jeweils zum Mittagstisch ge\u00f6ffnet 11.30-15.00 Uhr (K\u00fcche bis 13.30 Uhr), abends geschlossen!<\/p>\n<p>&nbsp;<\/p>\n<p style=\"text-align: left;\">Freitag, 01.Mai 2026 geschlossen!<\/p>\n<p>&nbsp;<\/p>\n<p style=\"text-align: left;\"><strong>Muttertag &#8211; Sonntag,10.Mai 2026 &#8211;<\/strong> Wir verw\u00f6hnen Sie und Ihre Liebsten mit einem <strong>Schlemmerbuffet<\/strong> von 11.30 -14.00 Uhr<\/p>\n<p>Vorspeisen \/Salate\/ Hirsch\/ Lachs\/ Gro\u00dfostheimer Spargel\/ Gnocchi\/ Desserts 45,&#8211; Euro\/Person, Kinder bis 14 Jahre 2,&#8211; Euro pro Lebensjahr<\/p>\n<p>&nbsp;<\/p>\n<p><strong>Betriebsurlaub<\/strong> ab Montag,11.Mai- einschl. Donnerstag, 28.Mai 2026<\/p>\n<p>&nbsp;<\/p>\n<p>&nbsp;<\/p>\n<p>&nbsp;<\/p>\n<p>&nbsp;<\/p>\n<p>&nbsp;<\/p>\n<p>&nbsp;<\/p>\n<p>&nbsp;<\/p>\n<p>&nbsp;<\/p>\n<p>&nbsp;<\/p>\n<p>&nbsp;<\/p>\n<p>&nbsp;<\/p>\n<p>&nbsp;<\/p>\n<p>&nbsp;<\/p>\n<p>&nbsp;<\/p>\n<p style=\"text-align: center;\">.<\/p>\n<p>[\/et_pb_text][\/et_pb_column][\/et_pb_row][\/et_pb_section]<\/p>\n","protected":false},"excerpt":{"rendered":"<p>AKTIONEN Kulinarischer Kalender \u00dcbrigens, unser kulinarischer Kalender steht Ihnen auch zum Download bereit. Bitte hier klickenWIR SUCHEN ZUR VERST\u00c4RKUNG UNSERES TEAMS: Sp\u00fclkraft auf 450,&#8211; Euro Basis &#8211; Arbeitszeit ca. 15 Std.\/Monat haupts\u00e4chlich am Wochenende nach Absprache &nbsp; Unsere n\u00e4chsten Brunchtermine \u00a011.00 Uhr &#8211; 14.00 Uhr : Unser Brunch beinhaltet ein Buffet mit einer reichhaltigen Fr\u00fchst\u00fccksauswahl, [&hellip;]<\/p>\n","protected":false},"author":1,"featured_media":0,"parent":0,"menu_order":0,"comment_status":"closed","ping_status":"closed","template":"","meta":{"_et_pb_use_builder":"on","_et_pb_old_content":"<h1>AKTIONEN<\/h1><h1>Kulinarischer Kalender<\/h1><p><strong>\u00dcbrigens, unser kulinarischer Kalender steht Ihnen auch zum Download bereit. <\/strong><br \/> <br \/> <a href=\"http:\/\/rappach.de\/cms\/downloads\/pdf\/1.pdf\" target=\"_blank\" rel=\"noopener\">Bitte hier klicken<\/a><br \/> \u00a0<\/p><p><u><strong>WIR SUCHEN ZUR VERST\u00c4RKUNG UNSERES TEAMS:<\/strong><\/u><\/p><p>Sp\u00fclkraft auf 450,-- Euro Basis - Arbeitszeit ca. 15 Std.\/Monat haupts\u00e4chlich am Wochenende nach Absprache<\/p><p>\u00a0<\/p><p><u><strong>Unsere n\u00e4chsten Brunchtermine \u00a011.00 Uhr - 14.00 Uhr :<\/strong><\/u><\/p><p><u><strong>Unser Brunch beinhaltet ein Buffet mit einer reichhaltigen Fr\u00fchst\u00fccksauswahl, anschlie\u00dfendes Mittagessen mit 3 Hauptg\u00e4ngen<\/strong><\/u><u><strong> wobei 1 Hauptgang immer ein Wildgericht ist und ein Dessert<\/strong><\/u><br \/> <br \/> Brunch zum Valentinstag am Sonntag, den 12. Februar 2017<\/p><p>Oster-Brunch am Ostermontag, den 17.April 2017<\/p><p>Pfingst-Brunch am Pfingstmontag, den 05.Juni 2017<\/p><p>18,90 \u20ac pro Person inkl. Filterkaffee, Tee oder Kakao,\u00a0Kinder bis 14 Jahre 1,00 \u20ac pro Lebensjahr<\/p><p>\u00a0<\/p><p><u>\u00a0<\/u><u><strong>Januar\/ Februar 2017<\/strong><\/u><\/p><p>Schmankerln aus der Alpenregion<\/p><p>\u00a0z.B. Tafelspitz in Meerrettichso\u00dfe, Tiroler Spinatkn\u00f6del oder Almh\u00fcttenschnitzel<\/p><p><u><strong>M\u00e4rz 2017<\/strong><\/u><\/p><p>Schw\u00e4bische Spezialit\u00e4ten<\/p><p><u><strong>Candle-light-dinner am Samstag, 18.M\u00e4rz 2017 (nur mit Reservierung!)<\/strong><\/u><\/p><p>4-Gang Schlemmermen\u00fc 27,80 Euro pro Person:<\/p><p>Kleiner Flammkuchen mit Feigen und Ziegenk\u00e4se<\/p><p>* * * *<\/p><p>Klare Rinderkraftbr\u00fche mit hausgemachter Hirschmaultasche<\/p><p>* * * *<\/p><p>Hirschsteak oder H\u00e4hnchenbrust mit Kartoffelgratin und Gartengem\u00fcse<\/p><p>* * * *<\/p><p>Kleine Eistorte f\u00fcr zwei<\/p><p><u><strong>April 2017<\/strong><\/u><\/p><p>Frisches aus der Kr\u00e4uterk\u00fcche: B\u00e4rlauch, Rosmarin und Co.<\/p><p><u><strong>Mai\/Juni 2017<\/strong><\/u><\/p><p>Gerichte vom Alzenauer Spargel<\/p><p>Von <u>Mai-August zur Biergartenzeit<\/u> gibt es auch wieder unsere beliebten 1\/2 H\u00e4hnchen vom Gefl\u00fcgelhof L\u00fcck in Sommerkahl<\/p>","_et_gb_content_width":"","footnotes":""},"class_list":["post-50","page","type-page","status-publish","hentry"],"_links":{"self":[{"href":"https:\/\/www.rappach.de\/index.php?rest_route=\/wp\/v2\/pages\/50","targetHints":{"allow":["GET"]}}],"collection":[{"href":"https:\/\/www.rappach.de\/index.php?rest_route=\/wp\/v2\/pages"}],"about":[{"href":"https:\/\/www.rappach.de\/index.php?rest_route=\/wp\/v2\/types\/page"}],"author":[{"embeddable":true,"href":"https:\/\/www.rappach.de\/index.php?rest_route=\/wp\/v2\/users\/1"}],"replies":[{"embeddable":true,"href":"https:\/\/www.rappach.de\/index.php?rest_route=%2Fwp%2Fv2%2Fcomments&post=50"}],"version-history":[{"count":497,"href":"https:\/\/www.rappach.de\/index.php?rest_route=\/wp\/v2\/pages\/50\/revisions"}],"predecessor-version":[{"id":1906,"href":"https:\/\/www.rappach.de\/index.php?rest_route=\/wp\/v2\/pages\/50\/revisions\/1906"}],"wp:attachment":[{"href":"https:\/\/www.rappach.de\/index.php?rest_route=%2Fwp%2Fv2%2Fmedia&parent=50"}],"curies":[{"name":"wp","href":"https:\/\/api.w.org\/{rel}","templated":true}]}}