{"id":46,"date":"2017-06-27T21:56:12","date_gmt":"2017-06-27T19:56:12","guid":{"rendered":"http:\/\/wordpress.p415091.webspaceconfig.de\/?page_id=46"},"modified":"2026-04-02T19:38:38","modified_gmt":"2026-04-02T17:38:38","slug":"hotel","status":"publish","type":"page","link":"https:\/\/www.rappach.de\/?page_id=46","title":{"rendered":"Hotel"},"content":{"rendered":"<p>[et_pb_section fb_built=&#8220;1&#8243; inner_shadow=&#8220;on&#8220; _builder_version=&#8220;4.16&#8243; background_color=&#8220;rgba(160,160,160,0.44)&#8220; background_color_gradient_start=&#8220;#105e1a&#8220; background_color_gradient_start_position=&#8220;9%&#8220; background_color_gradient_end=&#8220;#7cda24&#8243; background_color_gradient_end_position=&#8220;90%&#8220; custom_padding=&#8220;0px|0px|0px|0px&#8220; global_colors_info=&#8220;{}&#8220;][et_pb_row _builder_version=&#8220;4.16&#8243; background_size=&#8220;initial&#8220; background_position=&#8220;top_left&#8220; background_repeat=&#8220;repeat&#8220; custom_margin=&#8220;0px||0px|&#8220; custom_padding=&#8220;0px||0px|&#8220; global_colors_info=&#8220;{}&#8220;][et_pb_column type=&#8220;4_4&#8243; _builder_version=&#8220;4.16&#8243; background_position=&#8220;top_left&#8220; custom_padding=&#8220;0px||0px|&#8220; global_colors_info=&#8220;{}&#8220; custom_padding__hover=&#8220;|||&#8220;][et_pb_image src=&#8220;\/wp-content\/uploads\/slide2.jpg&#8220; show_bottom_space=&#8220;off&#8220; align=&#8220;center&#8220; _builder_version=&#8220;4.16&#8243; background_size=&#8220;initial&#8220; background_position=&#8220;top_left&#8220; background_repeat=&#8220;repeat&#8220; custom_margin=&#8220;0px|0px|0px|0px&#8220; animation_style=&#8220;fade&#8220; animation_duration=&#8220;500ms&#8220; always_center_on_mobile=&#8220;off&#8220; global_colors_info=&#8220;{}&#8220;][\/et_pb_image][\/et_pb_column][\/et_pb_row][\/et_pb_section][et_pb_section fb_built=&#8220;1&#8243; admin_label=&#8220;section&#8220; _builder_version=&#8220;4.16&#8243; global_colors_info=&#8220;{}&#8220;][et_pb_row admin_label=&#8220;row&#8220; _builder_version=&#8220;4.16&#8243; background_size=&#8220;initial&#8220; background_position=&#8220;top_left&#8220; background_repeat=&#8220;repeat&#8220; global_colors_info=&#8220;{}&#8220;][et_pb_column type=&#8220;4_4&#8243; _builder_version=&#8220;4.16&#8243; background_position=&#8220;top_left&#8220; custom_padding=&#8220;|||&#8220; global_colors_info=&#8220;{}&#8220; custom_padding__hover=&#8220;|||&#8220;][et_pb_text _builder_version=&#8220;4.27.5&#8243; background_size=&#8220;initial&#8220; background_position=&#8220;top_left&#8220; background_repeat=&#8220;repeat&#8220; hover_enabled=&#8220;0&#8243; z_index_tablet=&#8220;500&#8243; text_text_shadow_horizontal_length_tablet=&#8220;0px&#8220; text_text_shadow_vertical_length_tablet=&#8220;0px&#8220; text_text_shadow_blur_strength_tablet=&#8220;1px&#8220; link_text_shadow_horizontal_length_tablet=&#8220;0px&#8220; link_text_shadow_vertical_length_tablet=&#8220;0px&#8220; link_text_shadow_blur_strength_tablet=&#8220;1px&#8220; ul_text_shadow_horizontal_length_tablet=&#8220;0px&#8220; ul_text_shadow_vertical_length_tablet=&#8220;0px&#8220; ul_text_shadow_blur_strength_tablet=&#8220;1px&#8220; ol_text_shadow_horizontal_length_tablet=&#8220;0px&#8220; ol_text_shadow_vertical_length_tablet=&#8220;0px&#8220; ol_text_shadow_blur_strength_tablet=&#8220;1px&#8220; quote_text_shadow_horizontal_length_tablet=&#8220;0px&#8220; quote_text_shadow_vertical_length_tablet=&#8220;0px&#8220; quote_text_shadow_blur_strength_tablet=&#8220;1px&#8220; header_text_shadow_horizontal_length_tablet=&#8220;0px&#8220; header_text_shadow_vertical_length_tablet=&#8220;0px&#8220; header_text_shadow_blur_strength_tablet=&#8220;1px&#8220; header_2_text_shadow_horizontal_length_tablet=&#8220;0px&#8220; header_2_text_shadow_vertical_length_tablet=&#8220;0px&#8220; header_2_text_shadow_blur_strength_tablet=&#8220;1px&#8220; header_3_text_shadow_horizontal_length_tablet=&#8220;0px&#8220; header_3_text_shadow_vertical_length_tablet=&#8220;0px&#8220; header_3_text_shadow_blur_strength_tablet=&#8220;1px&#8220; header_4_text_shadow_horizontal_length_tablet=&#8220;0px&#8220; header_4_text_shadow_vertical_length_tablet=&#8220;0px&#8220; header_4_text_shadow_blur_strength_tablet=&#8220;1px&#8220; header_5_text_shadow_horizontal_length_tablet=&#8220;0px&#8220; header_5_text_shadow_vertical_length_tablet=&#8220;0px&#8220; header_5_text_shadow_blur_strength_tablet=&#8220;1px&#8220; header_6_text_shadow_horizontal_length_tablet=&#8220;0px&#8220; header_6_text_shadow_vertical_length_tablet=&#8220;0px&#8220; header_6_text_shadow_blur_strength_tablet=&#8220;1px&#8220; box_shadow_horizontal_tablet=&#8220;0px&#8220; box_shadow_vertical_tablet=&#8220;0px&#8220; box_shadow_blur_tablet=&#8220;40px&#8220; box_shadow_spread_tablet=&#8220;0px&#8220; border_style=&#8220;solid&#8220; global_colors_info=&#8220;{}&#8220; sticky_enabled=&#8220;0&#8243;]<\/p>\n<h2>Unsere Zimmer<\/h2>\n<p>Herzlich Willkommen im M\u00f6mbriser Ortsteil Rappach!<\/p>\n<p>&nbsp;<\/p>\n\n\t\t<style type=\"text\/css\">\n\t\t\t#gallery-1 {\n\t\t\t\tmargin: auto;\n\t\t\t}\n\t\t\t#gallery-1 .gallery-item {\n\t\t\t\tfloat: left;\n\t\t\t\tmargin-top: 10px;\n\t\t\t\ttext-align: center;\n\t\t\t\twidth: 25%;\n\t\t\t}\n\t\t\t#gallery-1 img {\n\t\t\t\tborder: 2px solid #cfcfcf;\n\t\t\t}\n\t\t\t#gallery-1 .gallery-caption {\n\t\t\t\tmargin-left: 0;\n\t\t\t}\n\t\t\t\/* see gallery_shortcode() in wp-includes\/media.php *\/\n\t\t<\/style>\n\t\t<div id='gallery-1' class='gallery galleryid-46 gallery-columns-4 gallery-size-thumbnail'><dl class='gallery-item'>\n\t\t\t<dt class='gallery-icon landscape'>\n\t\t\t\t<a href='https:\/\/www.rappach.de\/?attachment_id=145'><img loading=\"lazy\" decoding=\"async\" width=\"150\" height=\"150\" src=\"https:\/\/www.rappach.de\/wp-content\/uploads\/Detail_1-150x150.jpg\" class=\"attachment-thumbnail size-thumbnail\" alt=\"\" \/><\/a>\n\t\t\t<\/dt><\/dl><dl class='gallery-item'>\n\t\t\t<dt class='gallery-icon landscape'>\n\t\t\t\t<a href='https:\/\/www.rappach.de\/?attachment_id=146'><img loading=\"lazy\" decoding=\"async\" width=\"150\" height=\"150\" src=\"https:\/\/www.rappach.de\/wp-content\/uploads\/Flur-150x150.jpg\" class=\"attachment-thumbnail size-thumbnail\" alt=\"\" \/><\/a>\n\t\t\t<\/dt><\/dl><dl class='gallery-item'>\n\t\t\t<dt class='gallery-icon landscape'>\n\t\t\t\t<a href='https:\/\/www.rappach.de\/?attachment_id=144'><img loading=\"lazy\" decoding=\"async\" width=\"150\" height=\"150\" src=\"https:\/\/www.rappach.de\/wp-content\/uploads\/Balkon-150x150.jpg\" class=\"attachment-thumbnail size-thumbnail\" alt=\"\" \/><\/a>\n\t\t\t<\/dt><\/dl><dl class='gallery-item'>\n\t\t\t<dt class='gallery-icon landscape'>\n\t\t\t\t<a href='https:\/\/www.rappach.de\/?attachment_id=140'><img loading=\"lazy\" decoding=\"async\" width=\"150\" height=\"150\" src=\"https:\/\/www.rappach.de\/wp-content\/uploads\/Zimmer_1-150x150.jpg\" class=\"attachment-thumbnail size-thumbnail\" alt=\"\" \/><\/a>\n\t\t\t<\/dt><\/dl><br style=\"clear: both\" \/>\n\t\t<\/div>\n\n<hr \/>\n<p>&nbsp;<\/p>\n<table style=\"height: 5px;\" border=\"0\" width=\"871\" cellspacing=\"0\" cellpadding=\"0\">\n<tbody>\n<tr>\n<td align=\"left\">\u00a0<\/td>\n<\/tr>\n<\/tbody>\n<\/table>\n<h3>Zimmerpreise<\/h3>\n<p><strong>Preise pro Zimmer und \u00dcbernachtung\u00a0<\/strong><\/p>\n<p>&nbsp;<\/p>\n<p><strong>Standard Einzelzimmer:\u00a0<\/strong>\u00a0 \u00a065,00 \u20ac inklusive Fr\u00fchst\u00fcck (Boxspringbett 90&#215;200)<\/p>\n<p><strong>Standard Doppelzimmer:<\/strong>\u00a0 \u00a0 100,00-105,00 \u20ac inklusive Fr\u00fchst\u00fcck<\/p>\n<p><strong>Standard Doppel- als Einzelzimmer:\u00a0<\/strong> 70,00-72,00 \u20ac inklusive Fr\u00fchst\u00fcck<\/p>\n<p>Unsere Standard Zimmer liegen im 1.Stock und sind \u00fcber eine Treppe zu erreichen.<\/p>\n<p><em>Preise ohne Fr\u00fchst\u00fcck auf Anfrage<\/em><\/p>\n<p><strong>Ausstattung Standard-Zimmer<\/strong>:<\/p>\n<p>* Doppelbett (180x200cm) mit Abschlussbrett ,Schreibtisch, Flachbild TV, Safe<\/p>\n<p>* kostenfreies W-LAN, teilweise Balkon<\/p>\n<p>* funktionelles, kleines Bad mit Dusche\/WC, Haartrockner, Handtuchheizung, Kosmetikspiegel<\/p>\n<p>&nbsp;<\/p>\n<p><strong>Komfort Einzelzimmer:\u00a0 <\/strong>70,00 \u20ac inklusive Fr\u00fchst\u00fcck (Boxspringbett 140&#215;200)<\/p>\n<p><strong>Komfort Doppelzimmer: <\/strong>105,00-109,00 \u20ac inklusive Fr\u00fchst\u00fcck<\/p>\n<p><strong>Komfort Doppel- als Einzelzimmer:<\/strong> 72,00-75,00 \u20ac inklusive Fr\u00fchst\u00fcck<\/p>\n<p><strong>Komfort Familienzimmer:<\/strong> Belegung mit 2 Personen: 105,00-109,00 \u20ac inklusive Fr\u00fchst\u00fcck \/ Belegung mit 3 Personen: 136,00-140,00 \u20ac inklusive Fr\u00fchst\u00fcck \/<\/p>\n<p>Belegung mit 2 Erwachsenen und 2 Kindern: 159,00-163,00 \u20ac inklusive Fr\u00fchst\u00fcck<\/p>\n<p>Unsere Komfort Zimmer liegen im Dachgeschoss und sind \u00fcber eine Treppe zu erreichen.<\/p>\n<p><em>Preise ohne Fr\u00fchst\u00fcck auf Anfrage<\/em><\/p>\n<p><strong>Ausstattung Komfort-Zimmer:<\/strong><\/p>\n<p><strong> * <\/strong>Boxspringbett (140x200cm im Einzelzimmer bzw. 180x200cm im Doppelzimmer) , Tisch, Flachbild TV, Safe<\/p>\n<p>* kostenfreies W-LAN, teilweise Balkon<\/p>\n<p>* komfortables Bad mit Regendusche\/WC, Haartrockner, Handtuchheizung, Kosmetikspiegel<\/p>\n<p>* Wasserkocher<\/p>\n<p>*1 Flasche Wasser 0,7 l pro Aufenthalt gratis<\/p>\n<p><strong>Anreise von 16.00 Uhr-19.00 Uhr bzw. nach Absprache, Abreise bis 10.30 Uhr<\/strong><\/p>\n<p><strong>Fr\u00fchst\u00fcck: Montag-Freitag von 7.00 Uhr &#8211; 9.30 Uhr, Samstag und Sonntag von 8.00 Uhr &#8211; 10.00 Uhr<\/strong><\/p>\n<h2>\u00a0<\/h2>\n<h2>Kleine Auszeit<\/h2>\n<p>2x \u00dcbernachtung in einem unserer Doppelzimmer<br \/>2x Fr\u00fchst\u00fcck<br \/>2x 3-Gang Schlemmermen\u00fc am Abend, prickelnde Begr\u00fc\u00dfung am Abend der Anreise<\/p>\n<p>1 Flasche Wasser 0,7 l kostenlos auf ihrem Zimmer<\/p>\n<p>Paketpreis pro Person im Standard &#8211; Doppelzimmer 160,&#8211; Euro und im Komfort &#8211; Doppelzimmer 165,&#8211; Euro<\/p>\n<h2>\u00a0<\/h2>\n<h2>Stornobedingungen<\/h2>\n<p>Bis zu 2 Tagen vor Anreise k\u00f6nnen Sie kostenlos stornieren. In den 2 Tagen vor der Anreise und bei Nichtanreise sind 100 % des Gesamtpreises f\u00e4llig.<\/p>\n<p>&nbsp;<\/p>\n<p><strong>Wir bitten um Ihr Verst\u00e4ndnis, dass wir keine Haustiere erlauben!<\/strong><\/p>\n<h4>\u00a0<\/h4>\n<h4>Sport und Freizeitm\u00f6glichkeiten in unserer Umgebung<\/h4>\n<ul>\n<li>Gute Wanderm\u00f6glichkeiten direkt ab der Haust\u00fcr<\/li>\n<li>Kahltal &#8211; Radwanderweg in unmittelbarer N\u00e4he<\/li>\n<li>Alte M\u00fchlen in Str\u00f6tzbach und M\u00f6mbris<\/li>\n<li>Heimatmuseum in Gunzenbach<\/li>\n<li>Beheiztes Freibad und Badeseen in Alzenau und Umgebung<\/li>\n<li>Naturschwimmbad in Sch\u00f6llkrippen<\/li>\n<li>Grube Wilhelmine in Sommerkahl<\/li>\n<li>Schloss Mespelbrunn<\/li>\n<li>Sehensw\u00fcrdigkeiten in den umliegenden St\u00e4dten Aschaffenburg, Seligenstadt, Gelnhausen, Miltenberg, Lohr und Frankfurt<\/li>\n<\/ul>\n<p>[\/et_pb_text][et_pb_gallery gallery_ids=&#8220;182,183,180,185&#8243; db_image_max_width_tablet=&#8220;51&#8243; db_image_max_height_tablet=&#8220;501&#8243; db_image_row_spacing_tablet=&#8220;51&#8243; db_image_center_titles=&#8220;left&#8220; db_image_object_fit=&#8220;initial&#8220; show_title_and_caption=&#8220;off&#8220; show_pagination=&#8220;off&#8220; zoom_icon_color=&#8220;#81d742&#8243; _builder_version=&#8220;4.16&#8243; global_colors_info=&#8220;{}&#8220;][\/et_pb_gallery][\/et_pb_column][\/et_pb_row][\/et_pb_section]<\/p>\n","protected":false},"excerpt":{"rendered":"<p>Unsere Zimmer Herzlich Willkommen im M\u00f6mbriser Ortsteil Rappach! &nbsp; \n\t\t<style type=\"text\/css\">\n\t\t\t#gallery-2 {\n\t\t\t\tmargin: auto;\n\t\t\t}\n\t\t\t#gallery-2 .gallery-item {\n\t\t\t\tfloat: left;\n\t\t\t\tmargin-top: 10px;\n\t\t\t\ttext-align: center;\n\t\t\t\twidth: 25%;\n\t\t\t}\n\t\t\t#gallery-2 img {\n\t\t\t\tborder: 2px solid #cfcfcf;\n\t\t\t}\n\t\t\t#gallery-2 .gallery-caption {\n\t\t\t\tmargin-left: 0;\n\t\t\t}\n\t\t\t\/* see gallery_shortcode() in wp-includes\/media.php *\/\n\t\t<\/style>\n\t\t<div id='gallery-2' class='gallery galleryid-46 gallery-columns-4 gallery-size-thumbnail'><dl class='gallery-item'>\n\t\t\t<dt class='gallery-icon landscape'>\n\t\t\t\t<a href='https:\/\/www.rappach.de\/?attachment_id=145'><img width=\"150\" height=\"150\" src=\"https:\/\/www.rappach.de\/wp-content\/uploads\/Detail_1-150x150.jpg\" class=\"attachment-thumbnail size-thumbnail\" alt=\"\" decoding=\"async\" loading=\"lazy\" \/><\/a>\n\t\t\t<\/dt><\/dl><dl class='gallery-item'>\n\t\t\t<dt class='gallery-icon landscape'>\n\t\t\t\t<a href='https:\/\/www.rappach.de\/?attachment_id=146'><img width=\"150\" height=\"150\" src=\"https:\/\/www.rappach.de\/wp-content\/uploads\/Flur-150x150.jpg\" class=\"attachment-thumbnail size-thumbnail\" alt=\"\" decoding=\"async\" loading=\"lazy\" \/><\/a>\n\t\t\t<\/dt><\/dl><dl class='gallery-item'>\n\t\t\t<dt class='gallery-icon landscape'>\n\t\t\t\t<a href='https:\/\/www.rappach.de\/?attachment_id=144'><img width=\"150\" height=\"150\" src=\"https:\/\/www.rappach.de\/wp-content\/uploads\/Balkon-150x150.jpg\" class=\"attachment-thumbnail size-thumbnail\" alt=\"\" decoding=\"async\" loading=\"lazy\" \/><\/a>\n\t\t\t<\/dt><\/dl><dl class='gallery-item'>\n\t\t\t<dt class='gallery-icon landscape'>\n\t\t\t\t<a href='https:\/\/www.rappach.de\/?attachment_id=140'><img width=\"150\" height=\"150\" src=\"https:\/\/www.rappach.de\/wp-content\/uploads\/Zimmer_1-150x150.jpg\" class=\"attachment-thumbnail size-thumbnail\" alt=\"\" decoding=\"async\" loading=\"lazy\" \/><\/a>\n\t\t\t<\/dt><\/dl><br style=\"clear: both\" \/>\n\t\t<\/div>\n &nbsp; \u00a0 Zimmerpreise Preise pro Zimmer und \u00dcbernachtung\u00a0 &nbsp; Standard Einzelzimmer:\u00a0\u00a0 \u00a065,00 \u20ac inklusive Fr\u00fchst\u00fcck (Boxspringbett 90&#215;200) Standard Doppelzimmer:\u00a0 \u00a0 100,00-105,00 \u20ac inklusive Fr\u00fchst\u00fcck Standard Doppel- als Einzelzimmer:\u00a0 70,00-72,00 \u20ac inklusive Fr\u00fchst\u00fcck Unsere Standard Zimmer liegen im 1.Stock und sind \u00fcber eine Treppe [&hellip;]<\/p>\n","protected":false},"author":1,"featured_media":0,"parent":0,"menu_order":0,"comment_status":"closed","ping_status":"closed","template":"","meta":{"_et_pb_use_builder":"on","_et_pb_old_content":"<h2>Unsere Zimmer<\/h2><p>Herzlich Willkommen an alle Wanderer, Radfahrer, Biker, Monteure, Durchreisende, Ruhesuchende, Wochenendheimfahrer ...<\/p><h3>Wir haben unsere Zimmer im Mai 2016 f\u00fcr Sie renoviert!<\/h3><h3>Zimmerpreise<\/h3><p><strong>Einzelzimmer:\u00a0<\/strong>\u00a0 \u00a0 \u00a045,00 \u00a0\u20ac <br \/> <strong>Doppelzimmer:<\/strong>\u00a0 \u00a0 \u00a075,00 \u00a0\u20ac\u00a0<\/p><p>Zustellbett m\u00f6glich<br \/> Preise pro Zimmer und \u00dcbernachtung inkl. Fr\u00fchst\u00fccksbuffet<\/p><h3>Zimmerausstattung<\/h3><ul><li>Flachbild-TV, Safe, teilweise Balkon<\/li><li>Alle Zimmer mit Dusche\/WC und F\u00f6n<\/li><li>W-Lan<\/li><\/ul><h4>Anreise von 16.00 Uhr-19.00 Uhr bzw. nach Absprache,\u00a0Abreise bis 11.00 Uhr<\/h4><h2>Kleine Auszeit<\/h2><p>2x \u00dcbernachtung in einem unserer Doppelzimmer<br \/> 2x Fr\u00fchst\u00fcck vom Buffet<br \/> 2x 3-Gang Schlemmermen\u00fc mit 2 Hauptg\u00e4ngen zur Wahl<br \/> <br \/> Paketpreis pro Person im Doppelzimmer 106,-- Euro<\/p><h2>Sport und Freizeitm\u00f6glichkeiten in unserer Umgebung<\/h2><ul><li>Gute Wanderm\u00f6glichkeiten direkt ab der Haust\u00fcr<\/li><li>Kahltal - Radwanderweg in unmittelbarer N\u00e4he<\/li><li>Tennishalle in M\u00f6mbris<\/li><li>Alte M\u00fchlen in Str\u00f6tzbach und M\u00f6mbris<\/li><li>Heimatmuseum in Gunzenbach<\/li><li>Krippe in Gunzenbach in der Vorweihnachtszeit<\/li><li>Beheiztes Freibad und Badeseen in Alzenau und Umgebung<\/li><li>Naturschwimmbad in Sch\u00f6llkrippen<\/li><li>Grube Wilhelmine in Sommerkahl<\/li><li>Schloss Mespelbrunn<\/li><li>Sehensw\u00fcrdigkeiten in den umliegenden St\u00e4dten Aschaffenburg, Seligenstadt ,Frankfurt und Lohr<\/li><\/ul>","_et_gb_content_width":"","footnotes":""},"class_list":["post-46","page","type-page","status-publish","hentry"],"_links":{"self":[{"href":"https:\/\/www.rappach.de\/index.php?rest_route=\/wp\/v2\/pages\/46","targetHints":{"allow":["GET"]}}],"collection":[{"href":"https:\/\/www.rappach.de\/index.php?rest_route=\/wp\/v2\/pages"}],"about":[{"href":"https:\/\/www.rappach.de\/index.php?rest_route=\/wp\/v2\/types\/page"}],"author":[{"embeddable":true,"href":"https:\/\/www.rappach.de\/index.php?rest_route=\/wp\/v2\/users\/1"}],"replies":[{"embeddable":true,"href":"https:\/\/www.rappach.de\/index.php?rest_route=%2Fwp%2Fv2%2Fcomments&post=46"}],"version-history":[{"count":110,"href":"https:\/\/www.rappach.de\/index.php?rest_route=\/wp\/v2\/pages\/46\/revisions"}],"predecessor-version":[{"id":1910,"href":"https:\/\/www.rappach.de\/index.php?rest_route=\/wp\/v2\/pages\/46\/revisions\/1910"}],"wp:attachment":[{"href":"https:\/\/www.rappach.de\/index.php?rest_route=%2Fwp%2Fv2%2Fmedia&parent=46"}],"curies":[{"name":"wp","href":"https:\/\/api.w.org\/{rel}","templated":true}]}}