{"id":44,"date":"2017-06-27T21:54:45","date_gmt":"2017-06-27T19:54:45","guid":{"rendered":"http:\/\/wordpress.p415091.webspaceconfig.de\/?page_id=44"},"modified":"2026-03-22T13:35:13","modified_gmt":"2026-03-22T12:35:13","slug":"speisekarten","status":"publish","type":"page","link":"https:\/\/www.rappach.de\/?page_id=44","title":{"rendered":"Speisekarten"},"content":{"rendered":"<p>[et_pb_section fb_built=&#8220;1&#8243; admin_label=&#8220;section&#8220; _builder_version=&#8220;4.16&#8243; global_colors_info=&#8220;{}&#8220;][et_pb_row admin_label=&#8220;row&#8220; _builder_version=&#8220;4.16&#8243; background_size=&#8220;initial&#8220; background_position=&#8220;top_left&#8220; background_repeat=&#8220;repeat&#8220; global_colors_info=&#8220;{}&#8220;][et_pb_column type=&#8220;4_4&#8243; _builder_version=&#8220;4.16&#8243; custom_padding=&#8220;|||&#8220; global_colors_info=&#8220;{}&#8220; custom_padding__hover=&#8220;|||&#8220;][et_pb_text admin_label=&#8220;Speisekarte im Textformat&#8220; _builder_version=&#8220;4.27.5&#8243; text_orientation=&#8220;center&#8220; module_alignment=&#8220;center&#8220; hover_enabled=&#8220;0&#8243; z_index_tablet=&#8220;500&#8243; text_text_shadow_horizontal_length_tablet=&#8220;0px&#8220; text_text_shadow_vertical_length_tablet=&#8220;0px&#8220; text_text_shadow_blur_strength_tablet=&#8220;1px&#8220; link_text_shadow_horizontal_length_tablet=&#8220;0px&#8220; link_text_shadow_vertical_length_tablet=&#8220;0px&#8220; link_text_shadow_blur_strength_tablet=&#8220;1px&#8220; ul_text_shadow_horizontal_length_tablet=&#8220;0px&#8220; ul_text_shadow_vertical_length_tablet=&#8220;0px&#8220; ul_text_shadow_blur_strength_tablet=&#8220;1px&#8220; ol_text_shadow_horizontal_length_tablet=&#8220;0px&#8220; ol_text_shadow_vertical_length_tablet=&#8220;0px&#8220; ol_text_shadow_blur_strength_tablet=&#8220;1px&#8220; quote_text_shadow_horizontal_length_tablet=&#8220;0px&#8220; quote_text_shadow_vertical_length_tablet=&#8220;0px&#8220; quote_text_shadow_blur_strength_tablet=&#8220;1px&#8220; header_text_shadow_horizontal_length_tablet=&#8220;0px&#8220; header_text_shadow_vertical_length_tablet=&#8220;0px&#8220; header_text_shadow_blur_strength_tablet=&#8220;1px&#8220; header_2_text_shadow_horizontal_length_tablet=&#8220;0px&#8220; header_2_text_shadow_vertical_length_tablet=&#8220;0px&#8220; header_2_text_shadow_blur_strength_tablet=&#8220;1px&#8220; header_3_text_shadow_horizontal_length_tablet=&#8220;0px&#8220; header_3_text_shadow_vertical_length_tablet=&#8220;0px&#8220; header_3_text_shadow_blur_strength_tablet=&#8220;1px&#8220; header_4_text_shadow_horizontal_length_tablet=&#8220;0px&#8220; header_4_text_shadow_vertical_length_tablet=&#8220;0px&#8220; header_4_text_shadow_blur_strength_tablet=&#8220;1px&#8220; header_5_text_shadow_horizontal_length_tablet=&#8220;0px&#8220; header_5_text_shadow_vertical_length_tablet=&#8220;0px&#8220; header_5_text_shadow_blur_strength_tablet=&#8220;1px&#8220; header_6_text_shadow_horizontal_length_tablet=&#8220;0px&#8220; header_6_text_shadow_vertical_length_tablet=&#8220;0px&#8220; header_6_text_shadow_blur_strength_tablet=&#8220;1px&#8220; box_shadow_horizontal_tablet=&#8220;0px&#8220; box_shadow_vertical_tablet=&#8220;0px&#8220; box_shadow_blur_tablet=&#8220;40px&#8220; box_shadow_spread_tablet=&#8220;0px&#8220; global_colors_info=&#8220;{}&#8220; sticky_enabled=&#8220;0&#8243;]<\/p>\n<p style=\"text-align: center;\"><strong>Wir empfehlen in unserer &#8222;Gem\u00fctlichkeit&#8220;<\/strong><\/p>\n<h4 style=\"text-align: center;\"><strong>Aperitif<\/strong><\/h4>\n<p style=\"text-align: center;\">Lillet Wild Berry 0,2l &#8211; 6,80 Euro<\/p>\n<p style=\"text-align: center;\">Aperol Spritz 0,2l &#8211; 6,80 Euro<\/p>\n<h4>\u00a0<\/h4>\n<h4 style=\"text-align: center;\"><strong>Vorspeisen<\/strong><\/h4>\n<p style=\"text-align: center;\"><strong>\u00a0Vegetarische Mini-Fr\u00fchlingsr\u00f6llchen<\/strong> [2] mit Chili-So\u00dfe 6,80 Euro<\/p>\n<p style=\"text-align: center;\"><strong>Hausgemachter Hirschschinken<\/strong> an Blattsalaten 13,80 Euro<\/p>\n<h4>\u00a0<\/h4>\n<h4 style=\"text-align: center;\"><strong>Suppen<\/strong><\/h4>\n<p style=\"text-align: center;\"><strong>Rinderkraftbr\u00fche <\/strong>mit Kl\u00f6\u00dfchen 6,80 Euro<\/p>\n<ul>\n<li style=\"text-align: center;\"><strong>B\u00e4rlauchcremesuppe\u00a0 <\/strong>6,80 Euro<\/li>\n<\/ul>\n<h4>\u00a0<\/h4>\n<h4 style=\"text-align: center;\"><strong>Wildgerichte<\/strong><\/h4>\n<p style=\"text-align: center;\"><strong>Currywurst<\/strong> von der hausgemachten Wildbratwurst mit Pommes frites 15,80 Euro<\/p>\n<p style=\"text-align: center;\"><strong>Rappacher Hirschbraten <\/strong>mit Kl\u00f6\u00dfen und Apfelrotkohl 25,80 Euro<\/p>\n<p style=\"text-align: center;\"><strong>Burger &#8222;Pulled Bambi&#8220;<\/strong> ( Gezupftes Schmorfleisch vom Hirsch in BBQ So\u00dfe im Rosmarin-Focaccia) dazu Birnen-Zwiebelchutney und Schwedensalat\u00a0 19,80 Euro<\/p>\n<p style=\"text-align: center;\"><strong>dazu zur Wahl<\/strong>: Pommes 4,20 Euro oder S\u00fc\u00dfkartoffel Pommes 4,80 Euro<\/p>\n<p>&nbsp;<\/p>\n<p style=\"text-align: center;\"><em><strong>Auf Vorbestellung ab 2 Personen &#8211; 2 Tage im Voraus:<\/strong><\/em><\/p>\n<p style=\"text-align: center;\"><em><strong>*Bunter Salat<\/strong><\/em><\/p>\n<p style=\"text-align: center;\"><em><strong>*Hirschr\u00fccken auf Burgunderso\u00dfe mit schwarzer Walnuss dazu Kartoffelpl\u00e4tzchen und Saisongem\u00fcse 37,80 Euro pro Person<\/strong><\/em><\/p>\n<p>&nbsp;<\/p>\n<h4 style=\"text-align: center;\"><strong>Unsere Empfehlungen<\/strong><\/h4>\n<p style=\"text-align: center;\">Rote Linsenbratlinge mit Rote-Bete-Pesto dazu S\u00fc\u00dfkartoffelpommes 19,80 Euro<\/p>\n<p style=\"text-align: center;\">B\u00e4rlauchschnitzel- Schweineschnitzel, paniert, mit B\u00e4rlauch-Mozzarella \u00fcberbacken dazu Pommes frites und Salat 19,80 Euro<\/p>\n<p style=\"text-align: center;\">Geschmorte Kaninchenkeule mit schwarzen Oliven, M\u00f6hren und Drillingskartoffeln 26,80 Euro<\/p>\n<p>&nbsp;<\/p>\n<h3 style=\"text-align: center;\"><strong>Die Klassiker<\/strong><\/h3>\n<p style=\"text-align: center;\"><strong>Bunter Salatteller mit H\u00e4hnchenbruststreifen und Feta-K\u00e4se<\/strong><\/p>\n<p style=\"text-align: center;\">oder<strong> mit Falafel und Feta-K\u00e4se<\/strong> 18,80 Euro<\/p>\n<p style=\"text-align: center;\"><strong>Schweineschnitzel &#8222;Wiener Art&#8220;<\/strong> mit Pommes frites und Salat 18,80 Euro<\/p>\n<p style=\"text-align: center;\"><strong>Schweineschnitzel &#8222;Holsteiner Art&#8220; mit Schinken und Spiegelei<br \/><\/strong>dazu Pommes frites und Salat 19,00 Euro<\/p>\n<p style=\"text-align: center;\"><strong>Schweineschnitzel in w\u00fcrziger Paprikaso\u00dfe<\/strong> dazu Pommes frites und Salat 19,00 Euro<\/p>\n<p style=\"text-align: center;\"><strong>H\u00e4hnchenbrust im Knuspermantel auf Erdnuss-Chiliso\u00dfe <\/strong>dazu Herzoginkartoffeln und Salat 21,00 Euro<\/p>\n<p style=\"text-align: center;\"><strong>Rumpsteak (ca. 250g) <\/strong><strong>mit Kr\u00e4uterbutter und Meerrettich <\/strong>dazu Pommes frites und Salat 32,00 Euro<\/p>\n<p>&nbsp;<\/p>\n<h4 style=\"text-align: center;\"><strong>Wir empfehlen f\u00fcr unsere kleinen G\u00e4ste<\/strong><\/h4>\n<p style=\"text-align: center;\"><strong>Portion Pommes frites oder Kroketten <\/strong>5,00 Euro<\/p>\n<p style=\"text-align: center;\"><strong>Kleines Schnitzel \u201eWiener Art\u201c<br \/><\/strong> mit Pommes frites und Ketchup 10,50 Euro<\/p>\n<p>&nbsp;<\/p>\n<h3 style=\"text-align: center;\"><strong>Wir empfehlen zum Dessert<\/strong><\/h3>\n<p style=\"text-align: center;\"><strong>Unser kleines Dessert:<\/strong><br \/>1 Kugel Cappuccinoeis auf Schokoso\u00dfe<br \/>dazu 1 Tasse Cappuccino 5,50 Euro<\/p>\n<p style=\"text-align: center;\">Vanilleeis<strong><br \/><\/strong> mit Schokoso\u00dfe und Sahne 7,50 Euro<\/p>\n<p style=\"text-align: center;\">Winterbecher- Schoko- und Wei\u00dfer Nougat Eis mit Schokolik\u00f6r, gebrannten Cashews und Sahne 8,80 Euro<\/p>\n<p style=\"text-align: center;\">Gemischtes Eis mit Sahne 6,50 Euro<\/p>\n<p style=\"text-align: center;\">Gebackene Apfelk\u00fcchle auf Vanilleso\u00dfe, Vanilleeis 8,80 Euro<\/p>\n<p>&nbsp;<\/p>\n<hr \/>\n<p style=\"text-align: center;\">Seniorenportionen<br \/>servieren wir Ihnen gerne f\u00fcr Euro 2,00 weniger<\/p>\n<p style=\"text-align: center;\">F\u00fcr Umbestellungen berechnen wir 1,00 Euro<\/p>\n<p style=\"text-align: center;\">In allen genannten Preisen sind Bedienung und Mehrwertsteuer enthalten!<br \/>[1] mit Farbstoff [5] mit S\u00fc\u00dfungsmitteln<br \/>[2] mit Geschmacksverst\u00e4rker [6] chininhaltig<br \/>[3] mit Nitritp\u00f6kelsalz [7] enth\u00e4lt Sulfite<br \/>[4] mit Konservierungsstoff [8] koffeinhaltig<\/p>\n<p>[\/et_pb_text][\/et_pb_column][\/et_pb_row][\/et_pb_section]<\/p>\n","protected":false},"excerpt":{"rendered":"<p>Wir empfehlen in unserer &#8222;Gem\u00fctlichkeit&#8220; Aperitif Lillet Wild Berry 0,2l &#8211; 6,80 Euro Aperol Spritz 0,2l &#8211; 6,80 Euro \u00a0 Vorspeisen \u00a0Vegetarische Mini-Fr\u00fchlingsr\u00f6llchen [2] mit Chili-So\u00dfe 6,80 Euro Hausgemachter Hirschschinken an Blattsalaten 13,80 Euro \u00a0 Suppen Rinderkraftbr\u00fche mit Kl\u00f6\u00dfchen 6,80 Euro B\u00e4rlauchcremesuppe\u00a0 6,80 Euro \u00a0 Wildgerichte Currywurst von der hausgemachten Wildbratwurst mit Pommes frites 15,80 [&hellip;]<\/p>\n","protected":false},"author":1,"featured_media":0,"parent":42,"menu_order":0,"comment_status":"closed","ping_status":"closed","template":"","meta":{"_et_pb_use_builder":"on","_et_pb_old_content":"<h2>Speisekarte<\/h2><p>In diesem Bereich haben wir Informationen, Karten und anderes im PDF-Format f\u00fcr Sie hinterlegt. Sie k\u00f6nnen diese hier bequem downloaden, speichern oder weiterversenden.<\/p><p>Fast alle PC\u00b4s sind mit einem sogenannten PDF-Reader-Programm ausgestattet. Sollten Sie keinen PDF-Reader auf Ihrem Computer installiert haben k\u00f6nnen Sie sich diesen kostenlos aus dem Internet herunterladen.<\/p><p><a href=\"http:\/\/get.adobe.com\/de\/reader\/\" target=\"_blank\" rel=\"noopener\">Link zum Download<\/a><\/p>","_et_gb_content_width":"","footnotes":""},"class_list":["post-44","page","type-page","status-publish","hentry"],"_links":{"self":[{"href":"https:\/\/www.rappach.de\/index.php?rest_route=\/wp\/v2\/pages\/44","targetHints":{"allow":["GET"]}}],"collection":[{"href":"https:\/\/www.rappach.de\/index.php?rest_route=\/wp\/v2\/pages"}],"about":[{"href":"https:\/\/www.rappach.de\/index.php?rest_route=\/wp\/v2\/types\/page"}],"author":[{"embeddable":true,"href":"https:\/\/www.rappach.de\/index.php?rest_route=\/wp\/v2\/users\/1"}],"replies":[{"embeddable":true,"href":"https:\/\/www.rappach.de\/index.php?rest_route=%2Fwp%2Fv2%2Fcomments&post=44"}],"version-history":[{"count":220,"href":"https:\/\/www.rappach.de\/index.php?rest_route=\/wp\/v2\/pages\/44\/revisions"}],"predecessor-version":[{"id":1908,"href":"https:\/\/www.rappach.de\/index.php?rest_route=\/wp\/v2\/pages\/44\/revisions\/1908"}],"up":[{"embeddable":true,"href":"https:\/\/www.rappach.de\/index.php?rest_route=\/wp\/v2\/pages\/42"}],"wp:attachment":[{"href":"https:\/\/www.rappach.de\/index.php?rest_route=%2Fwp%2Fv2%2Fmedia&parent=44"}],"curies":[{"name":"wp","href":"https:\/\/api.w.org\/{rel}","templated":true}]}}