{"id":42,"date":"2017-06-27T21:54:21","date_gmt":"2017-06-27T19:54:21","guid":{"rendered":"http:\/\/wordpress.p415091.webspaceconfig.de\/?page_id=42"},"modified":"2025-12-01T13:09:11","modified_gmt":"2025-12-01T12:09:11","slug":"restaurant","status":"publish","type":"page","link":"https:\/\/www.rappach.de\/?page_id=42","title":{"rendered":"Restaurant"},"content":{"rendered":"<p>[et_pb_section fb_built=&#8220;1&#8243; admin_label=&#8220;section&#8220; _builder_version=&#8220;4.16&#8243; global_colors_info=&#8220;{}&#8220;][et_pb_row admin_label=&#8220;row&#8220; _builder_version=&#8220;4.16&#8243; background_size=&#8220;initial&#8220; background_position=&#8220;top_left&#8220; background_repeat=&#8220;repeat&#8220; global_colors_info=&#8220;{}&#8220;][et_pb_column type=&#8220;4_4&#8243; _builder_version=&#8220;4.16&#8243; custom_padding=&#8220;|||&#8220; global_colors_info=&#8220;{}&#8220; custom_padding__hover=&#8220;|||&#8220;][et_pb_text _builder_version=&#8220;4.27.4&#8243; background_size=&#8220;initial&#8220; background_position=&#8220;top_left&#8220; background_repeat=&#8220;repeat&#8220; hover_enabled=&#8220;0&#8243; z_index_tablet=&#8220;500&#8243; text_text_shadow_horizontal_length_tablet=&#8220;0px&#8220; text_text_shadow_vertical_length_tablet=&#8220;0px&#8220; text_text_shadow_blur_strength_tablet=&#8220;1px&#8220; link_text_shadow_horizontal_length_tablet=&#8220;0px&#8220; link_text_shadow_vertical_length_tablet=&#8220;0px&#8220; link_text_shadow_blur_strength_tablet=&#8220;1px&#8220; ul_text_shadow_horizontal_length_tablet=&#8220;0px&#8220; ul_text_shadow_vertical_length_tablet=&#8220;0px&#8220; ul_text_shadow_blur_strength_tablet=&#8220;1px&#8220; ol_text_shadow_horizontal_length_tablet=&#8220;0px&#8220; ol_text_shadow_vertical_length_tablet=&#8220;0px&#8220; ol_text_shadow_blur_strength_tablet=&#8220;1px&#8220; quote_text_shadow_horizontal_length_tablet=&#8220;0px&#8220; quote_text_shadow_vertical_length_tablet=&#8220;0px&#8220; quote_text_shadow_blur_strength_tablet=&#8220;1px&#8220; header_text_shadow_horizontal_length_tablet=&#8220;0px&#8220; header_text_shadow_vertical_length_tablet=&#8220;0px&#8220; header_text_shadow_blur_strength_tablet=&#8220;1px&#8220; header_2_text_shadow_horizontal_length_tablet=&#8220;0px&#8220; header_2_text_shadow_vertical_length_tablet=&#8220;0px&#8220; header_2_text_shadow_blur_strength_tablet=&#8220;1px&#8220; header_3_text_shadow_horizontal_length_tablet=&#8220;0px&#8220; header_3_text_shadow_vertical_length_tablet=&#8220;0px&#8220; header_3_text_shadow_blur_strength_tablet=&#8220;1px&#8220; header_4_text_shadow_horizontal_length_tablet=&#8220;0px&#8220; header_4_text_shadow_vertical_length_tablet=&#8220;0px&#8220; header_4_text_shadow_blur_strength_tablet=&#8220;1px&#8220; header_5_text_shadow_horizontal_length_tablet=&#8220;0px&#8220; header_5_text_shadow_vertical_length_tablet=&#8220;0px&#8220; header_5_text_shadow_blur_strength_tablet=&#8220;1px&#8220; header_6_text_shadow_horizontal_length_tablet=&#8220;0px&#8220; header_6_text_shadow_vertical_length_tablet=&#8220;0px&#8220; header_6_text_shadow_blur_strength_tablet=&#8220;1px&#8220; box_shadow_horizontal_tablet=&#8220;0px&#8220; box_shadow_vertical_tablet=&#8220;0px&#8220; box_shadow_blur_tablet=&#8220;40px&#8220; box_shadow_spread_tablet=&#8220;0px&#8220; global_colors_info=&#8220;{}&#8220; sticky_enabled=&#8220;0&#8243;]<\/p>\n<h1>Unser Restaurant<\/h1>\n<p>&nbsp;<\/p>\n<p><strong>\u00d6ffnungszeiten Restaurant:<\/strong><\/p>\n<p style=\"text-align: center;\">Montag, Dienstag, Freitag, Samstag: 17:00 Uhr bis 22:30 Uhr (K\u00fcche bis 20.30 Uhr)<br \/>Sonntag 11:30 Uhr bis 15:00 Uhr (K\u00fcche bis 13:30 Uhr)<br \/><strong>MITTWOCH + DONNERSTAG GESCHLOSSEN <\/strong><\/p>\n<p><u><strong>Unsere K\u00fcche hat f\u00fcr Sie ge\u00f6ffnet:<\/strong><\/u><br \/>Montag, Dienstag, Freitag, Samstag 17:00 bis 20:30 Uhr<\/p>\n<p>Sonntag von 11:30 bis 13:30 Uhr<\/p>\n<p>&nbsp;<\/p>\n<p>Wir bieten Ihnen in gem\u00fctlicher Wohlf\u00fchl-Atmosph\u00e4re Gerichte aus \u00fcberwiegend regionalen Produkten, welche wir frisch f\u00fcr Sie zubereiten. Hohen Wert legen wir auf eine jahreszeitlich beeinflusste, bodenst\u00e4ndige K\u00fcche.<\/p>\n<p>Unsere besondere Empfehlung gilt den Wildgerichten vom Damhirsch aus eigener Zucht, f\u00fcr die wir auch \u00fcberregional bekannt sind.<\/p>\n<p><strong>Einen Grund mit lieben Menschen ein Fest zu feiern gibt es immer!<\/strong><br \/>Bereits seit \u00fcber f\u00fcnfundzwanzig Jahren erfahren unsere G\u00e4ste, wie entspannt es sein kann Gastgeber zu sein. Ob Familienfeiern, Gesch\u00e4ftsessen oder einfach nur so &#8211; mit unserem im Kahlgrund einzigartigen Wintergarten und der gem\u00fctlichen Gaststube stellen wir Ihnen die r\u00e4umlichen M\u00f6glichkeiten zur Verf\u00fcgung. Dabei stehen wir Ihnen von Anfang an mit kompetenter Beratung zur Seite. Ob Men\u00fc oder B\u00fcffet, in unseren umfangreichen Men\u00fcvorschl\u00e4gen werden auch Sie die passenden Gerichte f\u00fcr Ihre Feier finden. Bei einem pers\u00f6nlichen Treffen besprechen wir gerne mit Ihnen Ihr Fest ganz individuell.<\/p>\n<p>&nbsp;<\/p>\n<p>&nbsp;<\/p>\n<p>[\/et_pb_text][\/et_pb_column][\/et_pb_row][\/et_pb_section]<\/p>\n","protected":false},"excerpt":{"rendered":"<p>Unser Restaurant &nbsp; \u00d6ffnungszeiten Restaurant: Montag, Dienstag, Freitag, Samstag: 17:00 Uhr bis 22:30 Uhr (K\u00fcche bis 20.30 Uhr)Sonntag 11:30 Uhr bis 15:00 Uhr (K\u00fcche bis 13:30 Uhr)MITTWOCH + DONNERSTAG GESCHLOSSEN Unsere K\u00fcche hat f\u00fcr Sie ge\u00f6ffnet:Montag, Dienstag, Freitag, Samstag 17:00 bis 20:30 Uhr Sonntag von 11:30 bis 13:30 Uhr &nbsp; Wir bieten Ihnen in gem\u00fctlicher [&hellip;]<\/p>\n","protected":false},"author":1,"featured_media":0,"parent":0,"menu_order":0,"comment_status":"closed","ping_status":"closed","template":"","meta":{"_et_pb_use_builder":"on","_et_pb_old_content":"<h1>Unser Restaurant<\/h1><p>Wir bieten Ihnen in gem\u00fctlicher Wohlf\u00fchl-Atmosph\u00e4re Gerichte aus \u00fcberwiegend regionalen Produkten, welche wir frisch f\u00fcr Sie zubereiten. Hohen Wert legen wir auf eine abwechslungsreiche, jahreszeitlich beeinflusste, bodenst\u00e4ndige deutsche K\u00fcche.<br \/> <br \/> Unsere besondere Empfehlung gilt den Wildgerichten vom Damhirsch aus eigener Zucht, f\u00fcr die wir auch \u00fcberregional bekannt sind.<\/p><p><strong>Unser \"Wilder Schmaus\"<br \/> auf Vorbestellung ab 4 Personen<br \/> <br \/> Ofenfrisches, hausgebackenes Apfelbrot<br \/> mit Quarkdip<br \/> * * * *<br \/> Kleiner bunter Salat<br \/> * * * *<br \/> Hirschbraten aus der Keule mit frischen Kr\u00e4utern geschmort<br \/> dazu gibt\u00b4s <br \/> Kartoffelkl\u00f6\u00dfe, handgeschabte Sp\u00e4tzle<br \/> Hausgemachtes Apfelrotkohl<br \/> Preiselbeeren und Quittengelee<br \/> * * * *<br \/> Sven\u00b4s Honig-Vanilleparfait<br \/> mit Apfel-Cranberriekompott<\/strong><\/p><p><strong>Zum Abschlu\u00df ein Schn\u00e4pschen oder einen Espresso<br \/> <br \/> Euro 21,80 pro Person<\/strong><\/p><p><br \/> Alle zwei Monate finden unsere Brunchsonntage statt. Dabei erwartet Sie ab 11 Uhr eine reichhaltige Fr\u00fchst\u00fccksauswahl bei dem Kaffee sowie Kakao f\u00fcr die kleineren G\u00e4ste inklusive ist. Diverse Salate und Vorspeisen leiten Sie zu den 3 verschiedenen Hauptg\u00e4ngen mit Beilagen. Zum Abschluss erwartet Sie noch ein Dessert. Die genauen Termine und weitere kulinarische Aktionen finden Sie unter Veranstaltungen.<br \/> <br \/> <strong>Einen Grund mit lieben Menschen ein Fest zu feiern gibt es immer!<\/strong><br \/> Seit \u00fcber f\u00fcnfzehn Jahren erfahren unsere G\u00e4ste, wie entspannt es sein kann Gastgeber zu sein. Ob Geburtstage, Hochzeiten, Taufen, Gesch\u00e4ftsessen oder einfach nur so - mit unserem im Kahlgrund einzigartigen Wintergarten und der gem\u00fctlichen Gaststube stellen wir Ihnen die r\u00e4umlichen M\u00f6glichkeiten zur Verf\u00fcgung. Dabei stehen wir Ihnen von Anfang an mit kompetenter Beratung zur Seite. Ob Men\u00fc oder B\u00fcffet, in unseren umfangreichen Men\u00fcvorschl\u00e4gen werden auch Sie die passenden Gerichte f\u00fcr Ihre Feier finden. Bei einem pers\u00f6nlichen Treffen besprechen wir mit Ihnen Ihr Fest ganz individuell.<\/p><p>\u00a0<\/p><p><u><strong>Unsere K\u00fcche hat f\u00fcr Sie ge\u00f6ffnet:<\/strong><\/u><br \/> Sonn- und Feiertags von 11.30-14.00 Uhr und von 17.00-21.00 Uhr |<\/p><p>Montag, Dienstag, Donnerstag, Freitag, Samstag 17.00-21.00 Uhr<br \/> <br \/> Gruppen ab 15 Personen bewirten wir gerne auch au\u00dferhalb unserer \u00d6ffnungszeiten auf Anfrage!<\/p><p>MITTWOCH RUHETAG<\/p>","_et_gb_content_width":"","footnotes":""},"class_list":["post-42","page","type-page","status-publish","hentry"],"_links":{"self":[{"href":"https:\/\/www.rappach.de\/index.php?rest_route=\/wp\/v2\/pages\/42","targetHints":{"allow":["GET"]}}],"collection":[{"href":"https:\/\/www.rappach.de\/index.php?rest_route=\/wp\/v2\/pages"}],"about":[{"href":"https:\/\/www.rappach.de\/index.php?rest_route=\/wp\/v2\/types\/page"}],"author":[{"embeddable":true,"href":"https:\/\/www.rappach.de\/index.php?rest_route=\/wp\/v2\/users\/1"}],"replies":[{"embeddable":true,"href":"https:\/\/www.rappach.de\/index.php?rest_route=%2Fwp%2Fv2%2Fcomments&post=42"}],"version-history":[{"count":82,"href":"https:\/\/www.rappach.de\/index.php?rest_route=\/wp\/v2\/pages\/42\/revisions"}],"predecessor-version":[{"id":1834,"href":"https:\/\/www.rappach.de\/index.php?rest_route=\/wp\/v2\/pages\/42\/revisions\/1834"}],"wp:attachment":[{"href":"https:\/\/www.rappach.de\/index.php?rest_route=%2Fwp%2Fv2%2Fmedia&parent=42"}],"curies":[{"name":"wp","href":"https:\/\/api.w.org\/{rel}","templated":true}]}}