{"id":40,"date":"2017-06-27T21:53:40","date_gmt":"2017-06-27T19:53:40","guid":{"rendered":"http:\/\/wordpress.p415091.webspaceconfig.de\/?page_id=40"},"modified":"2022-05-02T12:14:38","modified_gmt":"2022-05-02T10:14:38","slug":"ueber-uns","status":"publish","type":"page","link":"https:\/\/www.rappach.de\/?page_id=40","title":{"rendered":"\u00dcber uns"},"content":{"rendered":"<p>[et_pb_section bb_built=&#8220;1&#8243; fullwidth=&#8220;off&#8220; specialty=&#8220;off&#8220; _builder_version=&#8220;3.0.51&#8243; background_color_gradient_start=&#8220;#105e1a&#8220; background_color_gradient_end=&#8220;#7cda24&#8243; custom_padding=&#8220;0px|0px|0px|0px&#8220; background_color=&#8220;rgba(160,160,160,0.44)&#8220; background_color_gradient_start_position=&#8220;9%&#8220; background_color_gradient_end_position=&#8220;90%&#8220; inner_shadow=&#8220;on&#8220; next_background_color=&#8220;#ffffff&#8220; inner_width=&#8220;auto&#8220; inner_max_width=&#8220;1080px&#8220;][et_pb_row background_position=&#8220;top_left&#8220; background_repeat=&#8220;repeat&#8220; background_size=&#8220;initial&#8220; _builder_version=&#8220;3.0.51&#8243; custom_margin=&#8220;0px||0px|&#8220; custom_padding=&#8220;0px||0px|&#8220; width=&#8220;80%&#8220; max_width=&#8220;1080px&#8220;][et_pb_column type=&#8220;4_4&#8243; background_position=&#8220;top_left&#8220; custom_padding__hover=&#8220;|||&#8220; custom_padding=&#8220;0px||0px|&#8220;][et_pb_image _builder_version=&#8220;3.2.2&#8243; src=&#8220;\/wp-content\/uploads\/slide5.jpg&#8220; align=&#8220;center&#8220; always_center_on_mobile=&#8220;off&#8220; custom_margin=&#8220;0px|0px|0px|0px&#8220; animation_style=&#8220;fade&#8220; animation_duration=&#8220;500ms&#8220; animation_intensity_slide=&#8220;10%&#8220; show_bottom_space=&#8220;off&#8220; \/][\/et_pb_column][\/et_pb_row][\/et_pb_section][et_pb_section bb_built=&#8220;1&#8243; admin_label=&#8220;section&#8220; prev_background_color=&#8220;rgba(160,160,160,0.44)&#8220; inner_width=&#8220;auto&#8220; inner_max_width=&#8220;1080px&#8220;][et_pb_row admin_label=&#8220;row&#8220; background_position=&#8220;top_left&#8220; background_repeat=&#8220;repeat&#8220; background_size=&#8220;initial&#8220; width=&#8220;80%&#8220; max_width=&#8220;1080px&#8220;][et_pb_column type=&#8220;4_4&#8243; background_position=&#8220;top_left&#8220; custom_padding__hover=&#8220;|||&#8220; custom_padding=&#8220;|||&#8220;][et_pb_text _builder_version=&#8220;3.26.7&#8243; text_text_shadow_horizontal_length=&#8220;text_text_shadow_style,%91object Object%93&#8243; text_text_shadow_horizontal_length_tablet=&#8220;0px&#8220; text_text_shadow_vertical_length=&#8220;text_text_shadow_style,%91object Object%93&#8243; text_text_shadow_vertical_length_tablet=&#8220;0px&#8220; text_text_shadow_blur_strength=&#8220;text_text_shadow_style,%91object Object%93&#8243; text_text_shadow_blur_strength_tablet=&#8220;1px&#8220; link_text_shadow_horizontal_length=&#8220;link_text_shadow_style,%91object Object%93&#8243; link_text_shadow_horizontal_length_tablet=&#8220;0px&#8220; link_text_shadow_vertical_length=&#8220;link_text_shadow_style,%91object Object%93&#8243; link_text_shadow_vertical_length_tablet=&#8220;0px&#8220; link_text_shadow_blur_strength=&#8220;link_text_shadow_style,%91object Object%93&#8243; link_text_shadow_blur_strength_tablet=&#8220;1px&#8220; ul_text_shadow_horizontal_length=&#8220;ul_text_shadow_style,%91object Object%93&#8243; ul_text_shadow_horizontal_length_tablet=&#8220;0px&#8220; ul_text_shadow_vertical_length=&#8220;ul_text_shadow_style,%91object Object%93&#8243; ul_text_shadow_vertical_length_tablet=&#8220;0px&#8220; ul_text_shadow_blur_strength=&#8220;ul_text_shadow_style,%91object Object%93&#8243; ul_text_shadow_blur_strength_tablet=&#8220;1px&#8220; ol_text_shadow_horizontal_length=&#8220;ol_text_shadow_style,%91object Object%93&#8243; ol_text_shadow_horizontal_length_tablet=&#8220;0px&#8220; ol_text_shadow_vertical_length=&#8220;ol_text_shadow_style,%91object Object%93&#8243; ol_text_shadow_vertical_length_tablet=&#8220;0px&#8220; ol_text_shadow_blur_strength=&#8220;ol_text_shadow_style,%91object Object%93&#8243; ol_text_shadow_blur_strength_tablet=&#8220;1px&#8220; quote_text_shadow_horizontal_length=&#8220;quote_text_shadow_style,%91object Object%93&#8243; quote_text_shadow_horizontal_length_tablet=&#8220;0px&#8220; quote_text_shadow_vertical_length=&#8220;quote_text_shadow_style,%91object Object%93&#8243; quote_text_shadow_vertical_length_tablet=&#8220;0px&#8220; quote_text_shadow_blur_strength=&#8220;quote_text_shadow_style,%91object Object%93&#8243; quote_text_shadow_blur_strength_tablet=&#8220;1px&#8220; header_text_shadow_horizontal_length=&#8220;header_text_shadow_style,%91object Object%93&#8243; header_text_shadow_horizontal_length_tablet=&#8220;0px&#8220; header_text_shadow_vertical_length=&#8220;header_text_shadow_style,%91object Object%93&#8243; header_text_shadow_vertical_length_tablet=&#8220;0px&#8220; header_text_shadow_blur_strength=&#8220;header_text_shadow_style,%91object Object%93&#8243; header_text_shadow_blur_strength_tablet=&#8220;1px&#8220; header_2_text_shadow_horizontal_length=&#8220;header_2_text_shadow_style,%91object Object%93&#8243; header_2_text_shadow_horizontal_length_tablet=&#8220;0px&#8220; header_2_text_shadow_vertical_length=&#8220;header_2_text_shadow_style,%91object Object%93&#8243; header_2_text_shadow_vertical_length_tablet=&#8220;0px&#8220; header_2_text_shadow_blur_strength=&#8220;header_2_text_shadow_style,%91object Object%93&#8243; header_2_text_shadow_blur_strength_tablet=&#8220;1px&#8220; header_3_text_shadow_horizontal_length=&#8220;header_3_text_shadow_style,%91object Object%93&#8243; header_3_text_shadow_horizontal_length_tablet=&#8220;0px&#8220; header_3_text_shadow_vertical_length=&#8220;header_3_text_shadow_style,%91object Object%93&#8243; header_3_text_shadow_vertical_length_tablet=&#8220;0px&#8220; header_3_text_shadow_blur_strength=&#8220;header_3_text_shadow_style,%91object Object%93&#8243; header_3_text_shadow_blur_strength_tablet=&#8220;1px&#8220; header_4_text_shadow_horizontal_length=&#8220;header_4_text_shadow_style,%91object Object%93&#8243; header_4_text_shadow_horizontal_length_tablet=&#8220;0px&#8220; header_4_text_shadow_vertical_length=&#8220;header_4_text_shadow_style,%91object Object%93&#8243; header_4_text_shadow_vertical_length_tablet=&#8220;0px&#8220; header_4_text_shadow_blur_strength=&#8220;header_4_text_shadow_style,%91object Object%93&#8243; header_4_text_shadow_blur_strength_tablet=&#8220;1px&#8220; header_5_text_shadow_horizontal_length=&#8220;header_5_text_shadow_style,%91object Object%93&#8243; header_5_text_shadow_horizontal_length_tablet=&#8220;0px&#8220; header_5_text_shadow_vertical_length=&#8220;header_5_text_shadow_style,%91object Object%93&#8243; header_5_text_shadow_vertical_length_tablet=&#8220;0px&#8220; header_5_text_shadow_blur_strength=&#8220;header_5_text_shadow_style,%91object Object%93&#8243; header_5_text_shadow_blur_strength_tablet=&#8220;1px&#8220; header_6_text_shadow_horizontal_length=&#8220;header_6_text_shadow_style,%91object Object%93&#8243; header_6_text_shadow_horizontal_length_tablet=&#8220;0px&#8220; header_6_text_shadow_vertical_length=&#8220;header_6_text_shadow_style,%91object Object%93&#8243; header_6_text_shadow_vertical_length_tablet=&#8220;0px&#8220; header_6_text_shadow_blur_strength=&#8220;header_6_text_shadow_style,%91object Object%93&#8243; header_6_text_shadow_blur_strength_tablet=&#8220;1px&#8220; box_shadow_horizontal_tablet=&#8220;0px&#8220; box_shadow_vertical_tablet=&#8220;0px&#8220; box_shadow_blur_tablet=&#8220;40px&#8220; box_shadow_spread_tablet=&#8220;0px&#8220; z_index_tablet=&#8220;500&#8243;]<\/p>\n<h2>\u00dcber uns<\/h2>\n<p>Unser Landgasthof \u201eZur Gem\u00fctlichkeit\u201c liegt ruhig und umgeben von den f\u00fcr den Kahlgrund typischen\u00a0Streuobstwiesen\u00a0im Herzen des Kahlgrunds\/Vorspessart \u2013 nur 60 km\u00a0vor den Toren Frankfurts.<\/p>\n<p>Gem\u00fctlich, famili\u00e4r und naturverbunden &#8211; das sind die Merkmale, die einen Aufenthalt in unserem Landgasthof auszeichnen. Erholung und Natur pur finden Sie bei uns direkt vor der Haust\u00fcr, beim kleinen Spaziergang oder bei ausgedehnten Wanderungen in die Umgebung. Genie\u00dfen Sie die Ruhe in unseren komfortablen G\u00e4stezimmern \u2013 alle mit TV und W-Lan. Alle Zimmer sind mit Dusche\/WC und Haartrockner ausgestattet. Beginnen Sie den Tag mit einem reichhaltigen Fr\u00fchst\u00fcck. Am Abend l\u00e4dt unsere Gaststube oder der Wintergarten zum gem\u00fctlichen Verweilen ein.<\/p>\n<p>Mit der Gesch\u00e4fts\u00fcbergabe im Januar 2000 ging die Regie des Hauses Heininger mit Tochter Elke und Ehemann Sven L\u00f6per bereits in die f\u00fcnfte Generation \u00fcber. Beide haben umfangreiche gastronomische Erfahrungen, er als gelernter Koch in Fellbach,\u00a0 Korsika, Garmisch-Partenkirchen und als Sous-Chef in Frankfurt am Main, sie als Abschlussbeste der Steigenberger Hotelberufsfachschule in Bad Reichenhall und anschlie\u00dfender Praxis in K\u00fcche, Service und Verwaltung in Garmisch-Partenkirchen.<\/p>\n<p>In Garmisch-Partenkirchen, wo wir zeitgleich im selben Hotel gearbeitet haben, haben wir uns auch kennengelernt. Jetzt sind wir bereits \u00fcber 25 Jahre verheiratet und fast so lange auch schon Gastgeber und widmen uns mit gro\u00dfer Leidenschaft unserem Beruf. Wir m\u00f6chten Ihnen sch\u00f6ne Stunden in unserer &#8222;Gem\u00fctlichkeit&#8220; bereiten.<\/p>\n<p>\u00a0<\/p>\n<p>[\/et_pb_text][\/et_pb_column][\/et_pb_row][\/et_pb_section]<\/p>\n","protected":false},"excerpt":{"rendered":"<p>\u00dcber unsUnser Landgasthof \u201eZur Gem\u00fctlichkeit\u201c liegt ruhig und umgeben von den f\u00fcr den Kahlgrund typischen\u00a0Streuobstwiesen\u00a0im Herzen des Kahlgrunds\/Vorspessart \u2013 nur 60 km\u00a0vor den Toren Frankfurts.Gem\u00fctlich, famili\u00e4r und naturverbunden &#8211; das sind die Merkmale, die einen Aufenthalt in unserem Landgasthof auszeichnen. Erholung und Natur pur finden Sie bei uns direkt vor der Haust\u00fcr, beim kleinen Spaziergang [&hellip;]<\/p>\n","protected":false},"author":1,"featured_media":0,"parent":0,"menu_order":0,"comment_status":"closed","ping_status":"closed","template":"","meta":{"_et_pb_use_builder":"on","_et_pb_old_content":"","_et_gb_content_width":"","footnotes":""},"class_list":["post-40","page","type-page","status-publish","hentry"],"_links":{"self":[{"href":"https:\/\/www.rappach.de\/index.php?rest_route=\/wp\/v2\/pages\/40","targetHints":{"allow":["GET"]}}],"collection":[{"href":"https:\/\/www.rappach.de\/index.php?rest_route=\/wp\/v2\/pages"}],"about":[{"href":"https:\/\/www.rappach.de\/index.php?rest_route=\/wp\/v2\/types\/page"}],"author":[{"embeddable":true,"href":"https:\/\/www.rappach.de\/index.php?rest_route=\/wp\/v2\/users\/1"}],"replies":[{"embeddable":true,"href":"https:\/\/www.rappach.de\/index.php?rest_route=%2Fwp%2Fv2%2Fcomments&post=40"}],"version-history":[{"count":16,"href":"https:\/\/www.rappach.de\/index.php?rest_route=\/wp\/v2\/pages\/40\/revisions"}],"predecessor-version":[{"id":1143,"href":"https:\/\/www.rappach.de\/index.php?rest_route=\/wp\/v2\/pages\/40\/revisions\/1143"}],"wp:attachment":[{"href":"https:\/\/www.rappach.de\/index.php?rest_route=%2Fwp%2Fv2%2Fmedia&parent=40"}],"curies":[{"name":"wp","href":"https:\/\/api.w.org\/{rel}","templated":true}]}}